{"id":231,"date":"2011-05-23T13:30:33","date_gmt":"2011-05-23T13:30:33","guid":{"rendered":"http:\/\/www.kiss-excenter.hu\/?page_id=231"},"modified":"2016-03-21T21:19:52","modified_gmt":"2016-03-21T21:19:52","slug":"vorstellung","status":"publish","type":"page","link":"https:\/\/www.kiss-excenter.hu\/de\/vorstellung\/","title":{"rendered":"Vorstellung"},"content":{"rendered":"<p>Unsere Firma, <strong>Kiss-Excenter GmbH<\/strong> wurde 1994 gegr\u00fcndet. Sie ist eine wirtschaftliche Gesellschaft, ein ausschliesslich ungarisches Eigentum.<\/p>\n<p>Wir sind der Lieferant mehrerer ungarischen Grossunternehmen, sowie wir haben eine Reihe von internationalen Kontakten. Wir liefern unter anderem nach Deutschland, Frankreich, Spanien, in die Schweiz, nach England, Brasilien, Australien und Singapore auch.<\/p>\n<p>Unsere Hauptaktivit\u00e4ten sind Stanzen, Dreharbeiten und Montagetechnik. Wir fertigen und liefern Bauteile zu elekrtomechanischen, elektrischen und sonstigen Massger\u00e4ten, bzw. zu elektrischen Ausr\u00fcstungen.<\/p>\n<p>Die Fertigung der Teile l\u00e4uft auf einem Gebiet von 1300 m\u00b2 an einer Stelle mit sehr guten Verkehrsverbindungen. Die Fabrik ist 2 km entfernt von Budapest, in der N\u00e4he von Autobahnen M0 und M3, in der Gemeinde von Nagytarcsa.<\/p>\n<p>Wegen der steigenden Anzahl unserer Bestellungen und damit wir die Anspr\u00fcche unserer Kunden immer besser erf\u00fcllen k\u00f6nnen, haben wir 2013 eine 1200 m<sup>2<\/sup> neue, moderne Produktionshalle im industriellen Gebiet von Nagytarcsa gebaut. Wegen der angestiegenen Anspr\u00fcche haben wir die Fertigung auf zwei Teile geteilt. Die Dreharbeiten und Montage sind an der alten Stelle geblieben, das Management und das Stanzen sind jedoch in unsere neue Halle umgezogen.<\/p>\n<p>In unserem Dreh- und Montage-Maschinenpark sind Anlagen wie Variomatic, Mikron, Eubama, OKU und Ketterer Rundtakt-Maschinenzenter und auch Bearbeitungsanlagen mit langen Tischen sowie automatische Schrauberanlagen zu finden.<\/p>\n<p>Unsere Pressen sind Anlagen wie EBU, Haulich, Heilbronn, Colombo Agostino und Sangicomo Press. Unsere kleinste Presse hat 5 Tonnen Schliesskraft, w\u00e4hrend die gr\u00f6sste 100 Tonnen.<\/p>\n<p>Unsere sonstigen Aktivit\u00e4ten sind Entfetten, \u00d6lbefreiung, Waschen von Teilen mit einer umweltfreundlichen Technologie. Daf\u00fcr steht uns eine Steimel automatische Waschanlage zur Verf\u00fcgung.<\/p>\n<p><a href=\"http:\/\/www.kiss-excenter.hu\/wp-content\/uploads\/2011\/05\/Certificate_ISO9001_KissExcenter_GER.jpg\" target=\"_blank\"><img loading=\"lazy\" decoding=\"async\" class=\"alignright wp-image-563 size-medium\" src=\"http:\/\/www.kiss-excenter.hu\/wp-content\/uploads\/2011\/05\/Certificate_ISO9001_KissExcenter_GER-216x300.jpg\" alt=\"\" width=\"216\" height=\"300\" srcset=\"https:\/\/www.kiss-excenter.hu\/wp-content\/uploads\/2011\/05\/Certificate_ISO9001_KissExcenter_GER-216x300.jpg 216w, https:\/\/www.kiss-excenter.hu\/wp-content\/uploads\/2011\/05\/Certificate_ISO9001_KissExcenter_GER-739x1024.jpg 739w, https:\/\/www.kiss-excenter.hu\/wp-content\/uploads\/2011\/05\/Certificate_ISO9001_KissExcenter_GER.jpg 1200w\" sizes=\"(max-width: 216px) 100vw, 216px\" \/><\/a>Die Montage wird separat von der Fertigung in einer &#8222;sauberen&#8220; Halle gemacht, die ausschliesslich zu diesem Zweck gebaut wurde. Die Halle entspricht den strengsten Qualit\u00e4tserforderungen.<\/p>\n<p>Von Anfang an war unser vorrangige Ziel, den Erwartungen unserer Kunden auf einem m\u00f6glichst h\u00f6chsten Niveau zu entsprechen. Um diese Bestrebung zu erreichen, steht uns ISO 9001:2008 Qualit\u00e4tssystem zur Verf\u00fcgung, das 1999 eingef\u00fchrt wurde und seitdem auch st\u00e4ndig entwickelt wird.<\/p>\n<p>Wir haben gute Kontakte zu unseren Lieferanten, so k\u00f6nnen wir unsere Rohmaterialen und einzubauenden Bauteile um einen g\u00fcnstigen Preis beschaffen, deshalb k\u00f6nnen wir unseren Kunden einen konkurrenzf\u00e4higen Preis versichern.<\/p>\n<p>Unser Team ist qualifiziert, flexibel, das alle Aufgaben ohne Fehl l\u00f6sen kann, eine Gesellscahft, die Unm\u00f6gliche nicht kennt, egal, ob es ein neues Produkt oder ein Teil ist, das erneut werden soll. Unser Ziel ist die st\u00e4ndige Entwicklung derTechnologie, damit unsere Kunden auch in der Zukunft fehlerfreie Produkte mit der m\u00f6glichst k\u00fcrzesten Lieferzeit bekommen k\u00f6nnen.<\/p>\n<!-- AddThis Advanced Settings generic via filter on the_content --><!-- AddThis Share Buttons generic via filter on the_content -->","protected":false},"excerpt":{"rendered":"<p>Unsere Firma, Kiss-Excenter GmbH wurde 1994 gegr\u00fcndet. Sie ist eine wirtschaftliche Gesellschaft, ein ausschliesslich ungarisches Eigentum. Wir sind der Lieferant mehrerer ungarischen Grossunternehmen, sowie wir haben eine Reihe von internationalen Kontakten. Wir liefern unter anderem nach Deutschland, Frankreich, Spanien, in die Schweiz, nach England, Brasilien, Australien und Singapore auch. Unsere Hauptaktivit\u00e4ten sind Stanzen, Dreharbeiten und [&hellip;]<!-- AddThis Advanced Settings generic via filter on get_the_excerpt --><!-- AddThis Share Buttons generic via filter on get_the_excerpt --><\/p>\n","protected":false},"author":1,"featured_media":0,"parent":0,"menu_order":1,"comment_status":"open","ping_status":"open","template":"page-full.php","meta":{"ngg_post_thumbnail":0,"footnotes":"","_links_to":"","_links_to_target":""},"_links":{"self":[{"href":"https:\/\/www.kiss-excenter.hu\/de\/wp-json\/wp\/v2\/pages\/231"}],"collection":[{"href":"https:\/\/www.kiss-excenter.hu\/de\/wp-json\/wp\/v2\/pages"}],"about":[{"href":"https:\/\/www.kiss-excenter.hu\/de\/wp-json\/wp\/v2\/types\/page"}],"author":[{"embeddable":true,"href":"https:\/\/www.kiss-excenter.hu\/de\/wp-json\/wp\/v2\/users\/1"}],"replies":[{"embeddable":true,"href":"https:\/\/www.kiss-excenter.hu\/de\/wp-json\/wp\/v2\/comments?post=231"}],"version-history":[{"count":8,"href":"https:\/\/www.kiss-excenter.hu\/de\/wp-json\/wp\/v2\/pages\/231\/revisions"}],"predecessor-version":[{"id":564,"href":"https:\/\/www.kiss-excenter.hu\/de\/wp-json\/wp\/v2\/pages\/231\/revisions\/564"}],"wp:attachment":[{"href":"https:\/\/www.kiss-excenter.hu\/de\/wp-json\/wp\/v2\/media?parent=231"}],"curies":[{"name":"wp","href":"https:\/\/api.w.org\/{rel}","templated":true}]}}