{"id":325,"date":"2011-07-08T16:38:13","date_gmt":"2011-07-08T16:38:13","guid":{"rendered":"http:\/\/www.kiss-excenter.hu\/?page_id=325"},"modified":"2011-07-14T23:18:34","modified_gmt":"2011-07-14T23:18:34","slug":"kontakte","status":"publish","type":"page","link":"https:\/\/www.kiss-excenter.hu\/de\/kontakte\/","title":{"rendered":"Kontakte"},"content":{"rendered":"<table style=\"width: 100%;\" border=\"0\">\n<tbody>\n<tr>\n<td style=\"width: 50%;\">\n<h3>Kiss-Excenter Blech- und Metallverarbeitendes GmbH.<\/h3>\n<\/td>\n<td style=\"width: 50%;\">\n<h3>Address: 2142 Nagytarcsa, Vadvir\u00e1g u. 3.<\/h3>\n<\/td>\n<\/tr>\n<tr>\n<td valign=\"top\">\n<strong>Erika Simon<\/strong><br \/>\nTelefon: +36 20 39-09-111<br \/>\nFax: +36 28 546-515<br \/>\nE-mail: <a href=\"mailto:info@kiss-excenter.hu\">info@kiss-excenter.hu<\/a>\n<\/td>\n<td><iframe loading=\"lazy\" width=\"450\" height=\"320\" frameborder=\"0\" scrolling=\"no\" marginheight=\"0\" marginwidth=\"0\" src=\"http:\/\/maps.google.com\/maps?f=q&amp;source=s_q&amp;hl=hu&amp;geocode=&amp;q=2142+Nagytarcsa,+Vadvir%C3%A1g+utca,+Magyarorsz%C3%A1g&amp;aq=0&amp;sll=47.531618,19.280803&amp;sspn=0.006563,0.01634&amp;ie=UTF8&amp;hq=&amp;hnear=2142+Nagytarcsa,+Vadvir%C3%A1g+utca,+Magyarorsz%C3%A1g&amp;ll=47.536326,19.282894&amp;spn=0.020281,0.025749&amp;z=14&amp;iwloc=A&amp;output=embed\"><\/iframe><br \/><small><a href=\"http:\/\/maps.google.com\/maps?f=q&amp;source=embed&amp;hl=hu&amp;geocode=&amp;q=2142+Nagytarcsa,+Vadvir%C3%A1g+utca,+Magyarorsz%C3%A1g&amp;aq=0&amp;sll=47.531618,19.280803&amp;sspn=0.006563,0.01634&amp;ie=UTF8&amp;hq=&amp;hnear=2142+Nagytarcsa,+Vadvir%C3%A1g+utca,+Magyarorsz%C3%A1g&amp;ll=47.536326,19.282894&amp;spn=0.020281,0.025749&amp;z=14&amp;iwloc=A\" style=\"color:#999999;text-align:left\">Nagyobb t\u00e9rk\u00e9pre v\u00e1lt\u00e1s<\/a><\/small><\/td>\n<\/tr>\n<\/tbody>\n<\/table>\n<p><br class=\"_mce_marker\" \/><\/p>\n<hr \/>\n<!-- AddThis Advanced Settings generic via filter on the_content --><!-- AddThis Share Buttons generic via filter on the_content -->","protected":false},"excerpt":{"rendered":"<p>Kiss-Excenter Blech- und Metallverarbeitendes GmbH. Address: 2142 Nagytarcsa, Vadvir\u00e1g u. 3. Erika Simon Telefon: +36 20 39-09-111 Fax: +36 28 546-515 E-mail: info@kiss-excenter.hu Nagyobb t\u00e9rk\u00e9pre v\u00e1lt\u00e1s<!-- AddThis Advanced Settings generic via filter on get_the_excerpt --><!-- AddThis Share Buttons generic via filter on get_the_excerpt --><\/p>\n","protected":false},"author":1,"featured_media":0,"parent":0,"menu_order":4,"comment_status":"open","ping_status":"open","template":"page-contact.php","meta":{"ngg_post_thumbnail":0,"footnotes":"","_links_to":"","_links_to_target":""},"_links":{"self":[{"href":"https:\/\/www.kiss-excenter.hu\/de\/wp-json\/wp\/v2\/pages\/325"}],"collection":[{"href":"https:\/\/www.kiss-excenter.hu\/de\/wp-json\/wp\/v2\/pages"}],"about":[{"href":"https:\/\/www.kiss-excenter.hu\/de\/wp-json\/wp\/v2\/types\/page"}],"author":[{"embeddable":true,"href":"https:\/\/www.kiss-excenter.hu\/de\/wp-json\/wp\/v2\/users\/1"}],"replies":[{"embeddable":true,"href":"https:\/\/www.kiss-excenter.hu\/de\/wp-json\/wp\/v2\/comments?post=325"}],"version-history":[{"count":3,"href":"https:\/\/www.kiss-excenter.hu\/de\/wp-json\/wp\/v2\/pages\/325\/revisions"}],"predecessor-version":[{"id":350,"href":"https:\/\/www.kiss-excenter.hu\/de\/wp-json\/wp\/v2\/pages\/325\/revisions\/350"}],"wp:attachment":[{"href":"https:\/\/www.kiss-excenter.hu\/de\/wp-json\/wp\/v2\/media?parent=325"}],"curies":[{"name":"wp","href":"https:\/\/api.w.org\/{rel}","templated":true}]}}